{"id":52,"date":"2015-05-28T21:21:54","date_gmt":"2015-05-28T19:21:54","guid":{"rendered":"http:\/\/skyliners-shows.de\/?page_id=52"},"modified":"2016-06-13T07:20:07","modified_gmt":"2016-06-13T06:20:07","slug":"download","status":"publish","type":"page","link":"https:\/\/skyliners-shows.de\/en\/download\/","title":{"rendered":"Download"},"content":{"rendered":"<p style=\"text-align: center;\">The Skyliners\u2019 Image-Flyer can be downloaded here. For a direct download, click the right mouse button and choose &#8220;Save under&#8221;!<\/p>\n<p style=\"text-align: center;\"><span style=\"color: #000000;\"><strong><a style=\"color: #000000;\" href=\"http:\/\/skyliners-shows.de\/wp-content\/uploads\/Skyliners-deutsch-mit-Kontakt-Promo.pdf\" target=\"_blank\">Deutsch<\/a> <a style=\"color: #000000;\" href=\"http:\/\/skyliners-shows.de\/wp-content\/uploads\/Skyliners-engl.-mit-Kontakt-Promo.pdf\" target=\"_blank\">English<\/a> <a style=\"color: #000000;\" href=\"http:\/\/skyliners-shows.de\/wp-content\/uploads\/Skyliners-ital.-mit-Kontakt-Promo.pdf\" target=\"_blank\">Italiano<\/a> <span dir=\"ltr\"><a style=\"color: #000000;\" href=\"http:\/\/skyliners-shows.de\/wp-content\/uploads\/Skyliners-franz.-mit-Kontakt-Promo.pdf\" target=\"_blank\">Fran\u00e7aise<\/a> <\/span><span dir=\"ltr\"><a style=\"color: #000000;\" href=\"http:\/\/skyliners-shows.de\/wp-content\/uploads\/Skyliners-cz-mit-Kontakt-Promo.pdf\" target=\"_blank\">\u010cesk\u00fd<\/a><\/span><\/strong><\/span><\/p>\n<div style=\"width: 95%;\">\r\n\t<div class=\"slideshow_container slideshow_container_style-light\" style=\"height: 400px; \" data-slideshow-id=\"805\" data-style-name=\"style-light\" data-style-version=\"2.3.1\" >\r\n\r\n\t\t\t\t\t<div class=\"slideshow_loading_icon\"><\/div>\r\n\t\t\r\n\t\t<div class=\"slideshow_content\" style=\"display: none;\">\r\n\r\n\t\t\t<div class=\"slideshow_view\">\r\n\t\t\t\t<div class=\"slideshow_slide slideshow_slide_image\">\r\n\t\t\t\t\t<a href=\"http:\/\/skyliners-shows.de\/wp-content\/uploads\/Deutsch_Fron_big.png\" target=\"_self\" >\t\t\t\t\t\t<img src=\"https:\/\/skyliners-shows.de\/wp-content\/uploads\/Deutsch_Front.png\" alt=\"Deutsch Front\" width=\"566\" height=\"400\" \/>\r\n\t\t\t\t\t<\/a>\t\t\t\t\t<div class=\"slideshow_description_box slideshow_transparent\">\r\n\t\t\t\t\t\t<div class=\"slideshow_title\"><a href=\"http:\/\/skyliners-shows.de\/wp-content\/uploads\/Deutsch_Fron_big.png\" target=\"_self\" >Deutsch Front<\/a><\/div>\t\t\t\t\t\t\t\t\t\t\t<\/div>\r\n\t\t\t\t<\/div>\r\n\r\n\t\t\t\t\t\t<div style=\"clear: both;\"><\/div><\/div><div class=\"slideshow_view\">\r\n\t\t\t\t<div class=\"slideshow_slide slideshow_slide_image\">\r\n\t\t\t\t\t<a href=\"http:\/\/skyliners-shows.de\/wp-content\/uploads\/Deutsch_Back_big.png\" target=\"_self\" >\t\t\t\t\t\t<img src=\"https:\/\/skyliners-shows.de\/wp-content\/uploads\/Deutsch_Back.png\" alt=\"Deutsch Back\" width=\"565\" height=\"400\" \/>\r\n\t\t\t\t\t<\/a>\t\t\t\t\t<div class=\"slideshow_description_box slideshow_transparent\">\r\n\t\t\t\t\t\t<div class=\"slideshow_title\"><a href=\"http:\/\/skyliners-shows.de\/wp-content\/uploads\/Deutsch_Back_big.png\" target=\"_self\" >Deutsch Back<\/a><\/div>\t\t\t\t\t\t\t\t\t\t\t<\/div>\r\n\t\t\t\t<\/div>\r\n\r\n\t\t\t\t\t\t<div style=\"clear: both;\"><\/div><\/div><div class=\"slideshow_view\">\r\n\t\t\t\t<div class=\"slideshow_slide slideshow_slide_image\">\r\n\t\t\t\t\t<a href=\"http:\/\/skyliners-shows.de\/wp-content\/uploads\/English_Front_big.png\" target=\"_self\" >\t\t\t\t\t\t<img src=\"https:\/\/skyliners-shows.de\/wp-content\/uploads\/English_Front.png\" alt=\"English Front\" width=\"566\" height=\"400\" \/>\r\n\t\t\t\t\t<\/a>\t\t\t\t\t<div class=\"slideshow_description_box slideshow_transparent\">\r\n\t\t\t\t\t\t<div class=\"slideshow_title\"><a href=\"http:\/\/skyliners-shows.de\/wp-content\/uploads\/English_Front_big.png\" target=\"_self\" >English Front<\/a><\/div>\t\t\t\t\t\t\t\t\t\t\t<\/div>\r\n\t\t\t\t<\/div>\r\n\r\n\t\t\t\t\t\t<div style=\"clear: both;\"><\/div><\/div><div class=\"slideshow_view\">\r\n\t\t\t\t<div class=\"slideshow_slide slideshow_slide_image\">\r\n\t\t\t\t\t<a href=\"http:\/\/skyliners-shows.de\/wp-content\/uploads\/English_Back_big.png\" target=\"_self\" >\t\t\t\t\t\t<img src=\"https:\/\/skyliners-shows.de\/wp-content\/uploads\/English_Back.png\" alt=\"English Back\" width=\"566\" height=\"400\" \/>\r\n\t\t\t\t\t<\/a>\t\t\t\t\t<div class=\"slideshow_description_box slideshow_transparent\">\r\n\t\t\t\t\t\t<div class=\"slideshow_title\"><a href=\"http:\/\/skyliners-shows.de\/wp-content\/uploads\/English_Back_big.png\" target=\"_self\" >English Back<\/a><\/div>\t\t\t\t\t\t\t\t\t\t\t<\/div>\r\n\t\t\t\t<\/div>\r\n\r\n\t\t\t\t\t\t<div style=\"clear: both;\"><\/div><\/div><div class=\"slideshow_view\">\r\n\t\t\t\t<div class=\"slideshow_slide slideshow_slide_image\">\r\n\t\t\t\t\t<a href=\"http:\/\/skyliners-shows.de\/wp-content\/uploads\/Italiano_Front_big1.png\" target=\"_self\" >\t\t\t\t\t\t<img src=\"https:\/\/skyliners-shows.de\/wp-content\/uploads\/Italiano_Front.png\" alt=\"Italiano Front\" width=\"565\" height=\"400\" \/>\r\n\t\t\t\t\t<\/a>\t\t\t\t\t<div class=\"slideshow_description_box slideshow_transparent\">\r\n\t\t\t\t\t\t<div class=\"slideshow_title\"><a href=\"http:\/\/skyliners-shows.de\/wp-content\/uploads\/Italiano_Front_big1.png\" target=\"_self\" >Italiano Front<\/a><\/div>\t\t\t\t\t\t\t\t\t\t\t<\/div>\r\n\t\t\t\t<\/div>\r\n\r\n\t\t\t\t\t\t<div style=\"clear: both;\"><\/div><\/div><div class=\"slideshow_view\">\r\n\t\t\t\t<div class=\"slideshow_slide slideshow_slide_image\">\r\n\t\t\t\t\t<a href=\"http:\/\/skyliners-shows.de\/wp-content\/uploads\/Italiano_Back_big.png\" target=\"_self\" >\t\t\t\t\t\t<img src=\"https:\/\/skyliners-shows.de\/wp-content\/uploads\/Italiano_Back.png\" alt=\"Italiano Back\" width=\"566\" height=\"400\" \/>\r\n\t\t\t\t\t<\/a>\t\t\t\t\t<div class=\"slideshow_description_box slideshow_transparent\">\r\n\t\t\t\t\t\t<div class=\"slideshow_title\"><a href=\"http:\/\/skyliners-shows.de\/wp-content\/uploads\/Italiano_Back_big.png\" target=\"_self\" >Italiano Back<\/a><\/div>\t\t\t\t\t\t\t\t\t\t\t<\/div>\r\n\t\t\t\t<\/div>\r\n\r\n\t\t\t\t\t\t<div style=\"clear: both;\"><\/div><\/div><div class=\"slideshow_view\">\r\n\t\t\t\t<div class=\"slideshow_slide slideshow_slide_image\">\r\n\t\t\t\t\t<a href=\"http:\/\/skyliners-shows.de\/wp-content\/uploads\/Fran\u00e7aise_Front_big.png\" target=\"_self\" >\t\t\t\t\t\t<img src=\"https:\/\/skyliners-shows.de\/wp-content\/uploads\/Fran\u00e7aise_Front.png\" alt=\"Fran\u00e7aise Front\" width=\"565\" height=\"400\" \/>\r\n\t\t\t\t\t<\/a>\t\t\t\t\t<div class=\"slideshow_description_box slideshow_transparent\">\r\n\t\t\t\t\t\t<div class=\"slideshow_title\"><a href=\"http:\/\/skyliners-shows.de\/wp-content\/uploads\/Fran\u00e7aise_Front_big.png\" target=\"_self\" >Fran\u00e7aise Front<\/a><\/div>\t\t\t\t\t\t\t\t\t\t\t<\/div>\r\n\t\t\t\t<\/div>\r\n\r\n\t\t\t\t\t\t<div style=\"clear: both;\"><\/div><\/div><div class=\"slideshow_view\">\r\n\t\t\t\t<div class=\"slideshow_slide slideshow_slide_image\">\r\n\t\t\t\t\t<a href=\"http:\/\/skyliners-shows.de\/wp-content\/uploads\/Fran\u00e7aise_Back_big.png\" target=\"_self\" >\t\t\t\t\t\t<img src=\"https:\/\/skyliners-shows.de\/wp-content\/uploads\/Fran\u00e7aise_Back.png\" alt=\"Fran\u00e7aise Back\" width=\"565\" height=\"400\" \/>\r\n\t\t\t\t\t<\/a>\t\t\t\t\t<div class=\"slideshow_description_box slideshow_transparent\">\r\n\t\t\t\t\t\t<div class=\"slideshow_title\"><a href=\"http:\/\/skyliners-shows.de\/wp-content\/uploads\/Fran\u00e7aise_Back_big.png\" target=\"_self\" >Fran\u00e7aise Back<\/a><\/div>\t\t\t\t\t\t\t\t\t\t\t<\/div>\r\n\t\t\t\t<\/div>\r\n\r\n\t\t\t\t\t\t<div style=\"clear: both;\"><\/div><\/div><div class=\"slideshow_view\">\r\n\t\t\t\t<div class=\"slideshow_slide slideshow_slide_image\">\r\n\t\t\t\t\t<a href=\"http:\/\/skyliners-shows.de\/wp-content\/uploads\/\u010cesk\u00fd_Front_big.png\" target=\"_self\" >\t\t\t\t\t\t<img src=\"https:\/\/skyliners-shows.de\/wp-content\/uploads\/\u010cesk\u00fd_Front.png\" alt=\"\u010cesk\u00fd Front\" width=\"566\" height=\"400\" \/>\r\n\t\t\t\t\t<\/a>\t\t\t\t\t<div class=\"slideshow_description_box slideshow_transparent\">\r\n\t\t\t\t\t\t<div class=\"slideshow_title\"><a href=\"http:\/\/skyliners-shows.de\/wp-content\/uploads\/\u010cesk\u00fd_Front_big.png\" target=\"_self\" >\u010cesk\u00fd Front<\/a><\/div>\t\t\t\t\t\t\t\t\t\t\t<\/div>\r\n\t\t\t\t<\/div>\r\n\r\n\t\t\t\t\t\t<div style=\"clear: both;\"><\/div><\/div><div class=\"slideshow_view\">\r\n\t\t\t\t<div class=\"slideshow_slide slideshow_slide_image\">\r\n\t\t\t\t\t<a href=\"http:\/\/skyliners-shows.de\/wp-content\/uploads\/\u010cesk\u00fd_Back_big.png\" target=\"_self\" >\t\t\t\t\t\t<img src=\"https:\/\/skyliners-shows.de\/wp-content\/uploads\/\u010cesk\u00fd_Back.png\" alt=\"\u010cesk\u00fd Back\" width=\"566\" height=\"400\" \/>\r\n\t\t\t\t\t<\/a>\t\t\t\t\t<div class=\"slideshow_description_box slideshow_transparent\">\r\n\t\t\t\t\t\t<div class=\"slideshow_title\"><a href=\"http:\/\/skyliners-shows.de\/wp-content\/uploads\/\u010cesk\u00fd_Back_big.png\" target=\"_self\" >\u010cesk\u00fd Back<\/a><\/div>\t\t\t\t\t\t\t\t\t\t\t<\/div>\r\n\t\t\t\t<\/div>\r\n\r\n\t\t\t\t\t\t<div style=\"clear: both;\"><\/div><\/div>\r\n\t\t<\/div>\r\n\r\n\t\t<div class=\"slideshow_controlPanel slideshow_transparent\" style=\"display: none;\"><ul><li class=\"slideshow_togglePlay\" data-play-text=\"Play\" data-pause-text=\"Pause\"><\/li><\/ul><\/div>\r\n\r\n\t\t<div class=\"slideshow_button slideshow_previous slideshow_transparent\" role=\"button\" data-previous-text=\"Previous\" style=\"display: none;\"><\/div>\r\n\t\t<div class=\"slideshow_button slideshow_next slideshow_transparent\" role=\"button\" data-next-text=\"Next\" style=\"display: none;\"><\/div>\r\n\r\n\t\t<div class=\"slideshow_pagination\" style=\"display: none;\" data-go-to-text=\"Go to slide\"><div class=\"slideshow_pagination_center\"><\/div><\/div>\r\n\r\n\t\t<!-- WordPress Slideshow Version 2.3.1 -->\r\n\r\n\t\t\t<\/div>\r\n\r\n<\/div>\n","protected":false},"excerpt":{"rendered":"<p>The Skyliners\u2019 Image-Flyer can be downloaded here. For a direct download, click the right mouse button and choose &#8220;Save under&#8221;! Deutsch English Italiano Fran\u00e7aise \u010cesk\u00fd<\/p>\n","protected":false},"author":1,"featured_media":0,"parent":0,"menu_order":0,"comment_status":"closed","ping_status":"closed","template":"fullpage.php","meta":{"_monsterinsights_skip_tracking":false,"_monsterinsights_sitenote_active":false,"_monsterinsights_sitenote_note":"","_monsterinsights_sitenote_category":0,"footnotes":""},"class_list":["post-52","page","type-page","status-publish","hentry"],"translation":{"provider":"WPGlobus","version":"3.0.2","language":"en","enabled_languages":["de","en"],"languages":{"de":{"title":true,"content":true,"excerpt":false},"en":{"title":false,"content":true,"excerpt":false}}},"yoast_head":"<!-- This site is optimized with the Yoast SEO plugin v27.2 - https:\/\/yoast.com\/product\/yoast-seo-wordpress\/ -->\n<title>Download Imageflyer of the Skyliners<\/title>\n<meta name=\"description\" content=\"Download Imageflyer of the Skyliners. Select the appropriate Imageflyer of the Skyliners to download it.\" \/>\n<meta name=\"robots\" content=\"index, follow, max-snippet:-1, max-image-preview:large, max-video-preview:-1\" \/>\n<link rel=\"canonical\" href=\"https:\/\/skyliners-shows.de\/download\/\" \/>\n<meta property=\"og:locale\" content=\"en_US\" \/>\n<meta property=\"og:type\" content=\"article\" \/>\n<meta property=\"og:title\" content=\"Download Imageflyer of the Skyliners\" \/>\n<meta property=\"og:description\" content=\"Download Imageflyer of the Skyliners. Select the appropriate Imageflyer of the Skyliners to download it.\" \/>\n<meta property=\"og:url\" content=\"https:\/\/skyliners-shows.de\/download\/\" \/>\n<meta property=\"article:modified_time\" content=\"2016-06-13T06:20:07+00:00\" \/>\n<meta name=\"twitter:card\" content=\"summary_large_image\" \/>\n<script type=\"application\/ld+json\" class=\"yoast-schema-graph\">{\"@context\":\"https:\/\/schema.org\",\"@graph\":[{\"@type\":\"WebPage\",\"@id\":\"https:\/\/skyliners-shows.de\/download\/\",\"url\":\"https:\/\/skyliners-shows.de\/download\/\",\"name\":\"Imageflyer der Skyliners zum Download\",\"isPartOf\":{\"@id\":\"https:\/\/skyliners-shows.de\/#website\"},\"datePublished\":\"2015-05-28T19:21:54+00:00\",\"dateModified\":\"2016-06-13T06:20:07+00:00\",\"description\":\"Download Imageflyer of the Skyliners. Select the appropriate Imageflyer of the Skyliners to download it.\",\"breadcrumb\":{\"@id\":\"https:\/\/skyliners-shows.de\/download\/#breadcrumb\"},\"inLanguage\":\"en\",\"potentialAction\":[{\"@type\":\"ReadAction\",\"target\":[\"https:\/\/skyliners-shows.de\/download\/\"]}]},{\"@type\":\"BreadcrumbList\",\"@id\":\"https:\/\/skyliners-shows.de\/download\/#breadcrumb\",\"itemListElement\":[{\"@type\":\"ListItem\",\"position\":1,\"name\":\"Home\",\"item\":\"https:\/\/skyliners-shows.de\/\"},{\"@type\":\"ListItem\",\"position\":2,\"name\":\"Download\"}]},{\"@type\":\"WebSite\",\"@id\":\"https:\/\/skyliners-shows.de\/#website\",\"url\":\"https:\/\/skyliners-shows.de\/\",\"name\":\"\",\"description\":\"\",\"potentialAction\":[{\"@type\":\"SearchAction\",\"target\":{\"@type\":\"EntryPoint\",\"urlTemplate\":\"https:\/\/skyliners-shows.de\/?s={search_term_string}\"},\"query-input\":{\"@type\":\"PropertyValueSpecification\",\"valueRequired\":true,\"valueName\":\"search_term_string\"}}],\"inLanguage\":\"en\"}]}<\/script>\n<!-- \/ Yoast SEO plugin. -->","yoast_head_json":{"title":"Download Imageflyer of the Skyliners","description":"Download Imageflyer of the Skyliners. Select the appropriate Imageflyer of the Skyliners to download it.","robots":{"index":"index","follow":"follow","max-snippet":"max-snippet:-1","max-image-preview":"max-image-preview:large","max-video-preview":"max-video-preview:-1"},"canonical":"https:\/\/skyliners-shows.de\/download\/","og_locale":"en_US","og_type":"article","og_title":"Download Imageflyer of the Skyliners","og_description":"Download Imageflyer of the Skyliners. Select the appropriate Imageflyer of the Skyliners to download it.","og_url":"https:\/\/skyliners-shows.de\/download\/","article_modified_time":"2016-06-13T06:20:07+00:00","twitter_card":"summary_large_image","schema":{"@context":"https:\/\/schema.org","@graph":[{"@type":"WebPage","@id":"https:\/\/skyliners-shows.de\/download\/","url":"https:\/\/skyliners-shows.de\/download\/","name":"Imageflyer der Skyliners zum Download","isPartOf":{"@id":"https:\/\/skyliners-shows.de\/#website"},"datePublished":"2015-05-28T19:21:54+00:00","dateModified":"2016-06-13T06:20:07+00:00","description":"Download Imageflyer of the Skyliners. Select the appropriate Imageflyer of the Skyliners to download it.","breadcrumb":{"@id":"https:\/\/skyliners-shows.de\/download\/#breadcrumb"},"inLanguage":"en","potentialAction":[{"@type":"ReadAction","target":["https:\/\/skyliners-shows.de\/download\/"]}]},{"@type":"BreadcrumbList","@id":"https:\/\/skyliners-shows.de\/download\/#breadcrumb","itemListElement":[{"@type":"ListItem","position":1,"name":"Home","item":"https:\/\/skyliners-shows.de\/"},{"@type":"ListItem","position":2,"name":"Download"}]},{"@type":"WebSite","@id":"https:\/\/skyliners-shows.de\/#website","url":"https:\/\/skyliners-shows.de\/","name":"","description":"","potentialAction":[{"@type":"SearchAction","target":{"@type":"EntryPoint","urlTemplate":"https:\/\/skyliners-shows.de\/?s={search_term_string}"},"query-input":{"@type":"PropertyValueSpecification","valueRequired":true,"valueName":"search_term_string"}}],"inLanguage":"en"}]}},"_links":{"self":[{"href":"https:\/\/skyliners-shows.de\/en\/wp-json\/wp\/v2\/pages\/52","targetHints":{"allow":["GET"]}}],"collection":[{"href":"https:\/\/skyliners-shows.de\/en\/wp-json\/wp\/v2\/pages"}],"about":[{"href":"https:\/\/skyliners-shows.de\/en\/wp-json\/wp\/v2\/types\/page"}],"author":[{"embeddable":true,"href":"https:\/\/skyliners-shows.de\/en\/wp-json\/wp\/v2\/users\/1"}],"replies":[{"embeddable":true,"href":"https:\/\/skyliners-shows.de\/en\/wp-json\/wp\/v2\/comments?post=52"}],"version-history":[{"count":22,"href":"https:\/\/skyliners-shows.de\/en\/wp-json\/wp\/v2\/pages\/52\/revisions"}],"predecessor-version":[{"id":1701,"href":"https:\/\/skyliners-shows.de\/en\/wp-json\/wp\/v2\/pages\/52\/revisions\/1701"}],"wp:attachment":[{"href":"https:\/\/skyliners-shows.de\/en\/wp-json\/wp\/v2\/media?parent=52"}],"curies":[{"name":"wp","href":"https:\/\/api.w.org\/{rel}","templated":true}]}}