{"id":37,"date":"2015-05-28T21:17:59","date_gmt":"2015-05-28T19:17:59","guid":{"rendered":"http:\/\/skyliners-shows.de\/?page_id=37"},"modified":"2023-02-28T10:33:05","modified_gmt":"2023-02-28T09:33:05","slug":"workshops","status":"publish","type":"page","link":"https:\/\/skyliners-shows.de\/en\/in-aktion\/workshops\/","title":{"rendered":"Workshops"},"content":{"rendered":"<div style=\"text-align: center;\">\n<p><a href=\"http:\/\/skyliners-shows.de\/wp-content\/uploads\/workshops_1.png\"><img loading=\"lazy\" decoding=\"async\" class=\"size-full wp-image-350 aligncenter\" src=\"http:\/\/skyliners-shows.de\/wp-content\/uploads\/workshops_1.png\" alt=\"workshops_1\" width=\"930\" height=\"250\" \/><\/a><br \/>\nIn addition to the creation of dance shows, the Skyliners are encouraging the promotion of \u2018New blood\u2019. We aim to establish different urban dance forms which motivate children and youth to form creative networks. In our workshops, kids learn basic moves and steps as well as the historical background of the different styles. The Skyliners teach not only Break Dance (B-Boying, Footwork, toprocks, Powermoves and Freezes), but also Popping, Locking and House. On request, we can offer Day and Weekend Workshops, one-week holiday courses and regular dance courses. We would be happy to lead projects or assist on choreography in your existing dance team.<\/p>\n<p>Profit from our 32-year dance experience!<\/p>\n<p><a href=\"http:\/\/skyliners-shows.de\/wp-content\/uploads\/workshops_2.png\"><img loading=\"lazy\" decoding=\"async\" class=\"size-full wp-image-353 aligncenter\" src=\"http:\/\/skyliners-shows.de\/wp-content\/uploads\/workshops_2.png\" alt=\"workshops_2\" width=\"456\" height=\"250\" \/><\/a><\/p>\n<\/div>\n","protected":false},"excerpt":{"rendered":"<p>In addition to the creation of dance shows, the Skyliners are encouraging the promotion of \u2018New blood\u2019. We aim to establish different urban dance forms which motivate children and youth to form creative networks. In our workshops, kids learn basic moves and steps as well as the historical background of the different styles. The Skyliners [&hellip;]<\/p>\n","protected":false},"author":1,"featured_media":0,"parent":15,"menu_order":0,"comment_status":"closed","ping_status":"closed","template":"fullpage.php","meta":{"_monsterinsights_skip_tracking":false,"_monsterinsights_sitenote_active":false,"_monsterinsights_sitenote_note":"","_monsterinsights_sitenote_category":0,"footnotes":""},"class_list":["post-37","page","type-page","status-publish","hentry"],"translation":{"provider":"WPGlobus","version":"3.0.2","language":"en","enabled_languages":["de","en"],"languages":{"de":{"title":true,"content":true,"excerpt":false},"en":{"title":true,"content":true,"excerpt":false}}},"yoast_head":"<!-- This site is optimized with the Yoast SEO plugin v27.2 - https:\/\/yoast.com\/product\/yoast-seo-wordpress\/ -->\n<title>Learn Dancing - Dance Classes for Children and Teenangers<\/title>\n<meta name=\"description\" content=\"Regular dance workshops for children and adolescents . Original \u2713 Unique\u00a0\u2713 . Learn various dance forms from breakdance to house .\" \/>\n<meta name=\"robots\" content=\"index, follow, max-snippet:-1, max-image-preview:large, max-video-preview:-1\" \/>\n<link rel=\"canonical\" href=\"https:\/\/skyliners-shows.de\/in-aktion\/workshops\/\" \/>\n<meta property=\"og:locale\" content=\"en_US\" \/>\n<meta property=\"og:type\" content=\"article\" \/>\n<meta property=\"og:title\" content=\"Learn Dancing - Dance Classes for Children and Teenangers\" \/>\n<meta property=\"og:description\" content=\"Regular dance workshops for children and adolescents . Original \u2713 Unique\u00a0\u2713 . Learn various dance forms from breakdance to house .\" \/>\n<meta property=\"og:url\" content=\"https:\/\/skyliners-shows.de\/in-aktion\/workshops\/\" \/>\n<meta property=\"article:modified_time\" content=\"2023-02-28T09:33:05+00:00\" \/>\n<meta property=\"og:image\" content=\"http:\/\/skyliners-shows.de\/wp-content\/uploads\/workshops_1.png\" \/>\n<meta name=\"twitter:card\" content=\"summary_large_image\" \/>\n<meta name=\"twitter:label1\" content=\"Est. reading time\" \/>\n\t<meta name=\"twitter:data1\" content=\"3 minutes\" \/>\n<script type=\"application\/ld+json\" class=\"yoast-schema-graph\">{\"@context\":\"https:\/\/schema.org\",\"@graph\":[{\"@type\":\"WebPage\",\"@id\":\"https:\/\/skyliners-shows.de\/in-aktion\/workshops\/\",\"url\":\"https:\/\/skyliners-shows.de\/in-aktion\/workshops\/\",\"name\":\"Tanzen lernen - Tanzkurse f\u00fcr Kinder und Jugendliche\",\"isPartOf\":{\"@id\":\"https:\/\/skyliners-shows.de\/#website\"},\"primaryImageOfPage\":{\"@id\":\"https:\/\/skyliners-shows.de\/in-aktion\/workshops\/#primaryimage\"},\"image\":{\"@id\":\"https:\/\/skyliners-shows.de\/in-aktion\/workshops\/#primaryimage\"},\"thumbnailUrl\":\"http:\/\/skyliners-shows.de\/wp-content\/uploads\/workshops_1.png\",\"datePublished\":\"2015-05-28T19:17:59+00:00\",\"dateModified\":\"2023-02-28T09:33:05+00:00\",\"description\":\"Regelm\u00e4\u00dfige Tanzworkshops f\u00fcr Kinder und Jugendliche. Originell \u2713 Einmalig \u2713 . Verschiedenste Tanzformen von Breakdance bis House erlernen.\u00a0\",\"breadcrumb\":{\"@id\":\"https:\/\/skyliners-shows.de\/in-aktion\/workshops\/#breadcrumb\"},\"inLanguage\":\"en\",\"potentialAction\":[{\"@type\":\"ReadAction\",\"target\":[\"https:\/\/skyliners-shows.de\/in-aktion\/workshops\/\"]}]},{\"@type\":\"ImageObject\",\"inLanguage\":\"en\",\"@id\":\"https:\/\/skyliners-shows.de\/in-aktion\/workshops\/#primaryimage\",\"url\":\"http:\/\/skyliners-shows.de\/wp-content\/uploads\/workshops_1.png\",\"contentUrl\":\"http:\/\/skyliners-shows.de\/wp-content\/uploads\/workshops_1.png\"},{\"@type\":\"BreadcrumbList\",\"@id\":\"https:\/\/skyliners-shows.de\/in-aktion\/workshops\/#breadcrumb\",\"itemListElement\":[{\"@type\":\"ListItem\",\"position\":1,\"name\":\"Home\",\"item\":\"https:\/\/skyliners-shows.de\/\"},{\"@type\":\"ListItem\",\"position\":2,\"name\":\"In Aktion\",\"item\":\"https:\/\/skyliners-shows.de\/in-aktion\/\"},{\"@type\":\"ListItem\",\"position\":3,\"name\":\"Workshops\"}]},{\"@type\":\"WebSite\",\"@id\":\"https:\/\/skyliners-shows.de\/#website\",\"url\":\"https:\/\/skyliners-shows.de\/\",\"name\":\"\",\"description\":\"\",\"potentialAction\":[{\"@type\":\"SearchAction\",\"target\":{\"@type\":\"EntryPoint\",\"urlTemplate\":\"https:\/\/skyliners-shows.de\/?s={search_term_string}\"},\"query-input\":{\"@type\":\"PropertyValueSpecification\",\"valueRequired\":true,\"valueName\":\"search_term_string\"}}],\"inLanguage\":\"en\"}]}<\/script>\n<!-- \/ Yoast SEO plugin. -->","yoast_head_json":{"title":"Learn Dancing - Dance Classes for Children and Teenangers","description":"Regular dance workshops for children and adolescents . Original \u2713 Unique\u00a0\u2713 . Learn various dance forms from breakdance to house .","robots":{"index":"index","follow":"follow","max-snippet":"max-snippet:-1","max-image-preview":"max-image-preview:large","max-video-preview":"max-video-preview:-1"},"canonical":"https:\/\/skyliners-shows.de\/in-aktion\/workshops\/","og_locale":"en_US","og_type":"article","og_title":"Learn Dancing - Dance Classes for Children and Teenangers","og_description":"Regular dance workshops for children and adolescents . Original \u2713 Unique\u00a0\u2713 . Learn various dance forms from breakdance to house .","og_url":"https:\/\/skyliners-shows.de\/in-aktion\/workshops\/","article_modified_time":"2023-02-28T09:33:05+00:00","og_image":[{"url":"http:\/\/skyliners-shows.de\/wp-content\/uploads\/workshops_1.png","type":"","width":"","height":""}],"twitter_card":"summary_large_image","twitter_misc":{"Est. reading time":"3 minutes"},"schema":{"@context":"https:\/\/schema.org","@graph":[{"@type":"WebPage","@id":"https:\/\/skyliners-shows.de\/in-aktion\/workshops\/","url":"https:\/\/skyliners-shows.de\/in-aktion\/workshops\/","name":"Tanzen lernen - Tanzkurse f\u00fcr Kinder und Jugendliche","isPartOf":{"@id":"https:\/\/skyliners-shows.de\/#website"},"primaryImageOfPage":{"@id":"https:\/\/skyliners-shows.de\/in-aktion\/workshops\/#primaryimage"},"image":{"@id":"https:\/\/skyliners-shows.de\/in-aktion\/workshops\/#primaryimage"},"thumbnailUrl":"http:\/\/skyliners-shows.de\/wp-content\/uploads\/workshops_1.png","datePublished":"2015-05-28T19:17:59+00:00","dateModified":"2023-02-28T09:33:05+00:00","description":"Regelm\u00e4\u00dfige Tanzworkshops f\u00fcr Kinder und Jugendliche. Originell \u2713 Einmalig \u2713 . Verschiedenste Tanzformen von Breakdance bis House erlernen.\u00a0","breadcrumb":{"@id":"https:\/\/skyliners-shows.de\/in-aktion\/workshops\/#breadcrumb"},"inLanguage":"en","potentialAction":[{"@type":"ReadAction","target":["https:\/\/skyliners-shows.de\/in-aktion\/workshops\/"]}]},{"@type":"ImageObject","inLanguage":"en","@id":"https:\/\/skyliners-shows.de\/in-aktion\/workshops\/#primaryimage","url":"http:\/\/skyliners-shows.de\/wp-content\/uploads\/workshops_1.png","contentUrl":"http:\/\/skyliners-shows.de\/wp-content\/uploads\/workshops_1.png"},{"@type":"BreadcrumbList","@id":"https:\/\/skyliners-shows.de\/in-aktion\/workshops\/#breadcrumb","itemListElement":[{"@type":"ListItem","position":1,"name":"Home","item":"https:\/\/skyliners-shows.de\/"},{"@type":"ListItem","position":2,"name":"In Aktion","item":"https:\/\/skyliners-shows.de\/in-aktion\/"},{"@type":"ListItem","position":3,"name":"Workshops"}]},{"@type":"WebSite","@id":"https:\/\/skyliners-shows.de\/#website","url":"https:\/\/skyliners-shows.de\/","name":"","description":"","potentialAction":[{"@type":"SearchAction","target":{"@type":"EntryPoint","urlTemplate":"https:\/\/skyliners-shows.de\/?s={search_term_string}"},"query-input":{"@type":"PropertyValueSpecification","valueRequired":true,"valueName":"search_term_string"}}],"inLanguage":"en"}]}},"_links":{"self":[{"href":"https:\/\/skyliners-shows.de\/en\/wp-json\/wp\/v2\/pages\/37","targetHints":{"allow":["GET"]}}],"collection":[{"href":"https:\/\/skyliners-shows.de\/en\/wp-json\/wp\/v2\/pages"}],"about":[{"href":"https:\/\/skyliners-shows.de\/en\/wp-json\/wp\/v2\/types\/page"}],"author":[{"embeddable":true,"href":"https:\/\/skyliners-shows.de\/en\/wp-json\/wp\/v2\/users\/1"}],"replies":[{"embeddable":true,"href":"https:\/\/skyliners-shows.de\/en\/wp-json\/wp\/v2\/comments?post=37"}],"version-history":[{"count":45,"href":"https:\/\/skyliners-shows.de\/en\/wp-json\/wp\/v2\/pages\/37\/revisions"}],"predecessor-version":[{"id":2221,"href":"https:\/\/skyliners-shows.de\/en\/wp-json\/wp\/v2\/pages\/37\/revisions\/2221"}],"up":[{"embeddable":true,"href":"https:\/\/skyliners-shows.de\/en\/wp-json\/wp\/v2\/pages\/15"}],"wp:attachment":[{"href":"https:\/\/skyliners-shows.de\/en\/wp-json\/wp\/v2\/media?parent=37"}],"curies":[{"name":"wp","href":"https:\/\/api.w.org\/{rel}","templated":true}]}}