{"id":2209,"date":"2023-01-13T17:29:05","date_gmt":"2023-01-13T16:29:05","guid":{"rendered":"https:\/\/skyliners-shows.de\/?page_id=2209"},"modified":"2023-01-13T17:53:15","modified_gmt":"2023-01-13T16:53:15","slug":"firmenfeier","status":"publish","type":"page","link":"https:\/\/skyliners-shows.de\/en\/firmenfeier\/","title":{"rendered":"Firmenfeier"},"content":{"rendered":"\n<p>Sie suchen eine besondere Unterhaltung f\u00fcr Ihre Firmenfeier? Dann sind die Skyliners die richtige Wahl f\u00fcr Sie! Mit ihrer spektakul\u00e4ren <a href=\"https:\/\/skyliners-shows.de\/amadeus\/\">Robot Dance Show<\/a> bieten sie ein unvergessliches Erlebnis f\u00fcr Ihre G\u00e4ste.<\/p>\n\n\n\n<p>Die beeindruckenden barocken Kost\u00fcme und die vielf\u00e4ltige Musikauswahl, von klassischer Musik bis hin zum unsterblichen Hit &#8220;Rock me, Amadeus&#8221; von Falco, garantieren ein Fest f\u00fcr die Sinne. Lassen Sie sich von der einzigartigen Stilistik der Skyliners verzaubern und entf\u00fchren zu einem Rendezvous der Kontraste. Egal ob ein gro\u00dfes Firmenevent oder eine private Feier, die Skyliners&#8217; Robot Dance Show wird Ihre G\u00e4ste begeistern und einen unvergesslichen Abend bescheren. Buchen Sie die K\u00fcnstlergruppe jetzt f\u00fcr Ihre n\u00e4chste Firmenfeier und erleben Sie selbst die unglaubliche Show der Skyliners. Mit Ihrer einzigartigen Kombination aus pr\u00e4chtigen Kost\u00fcmen und spektakul\u00e4ren Robot Dance Elementen sorgen sie f\u00fcr ein unvergleichliches Entertainment und werden Ihre Firmenfeier zu einem unvergesslichen Erlebnis machen<\/p>\n","protected":false},"excerpt":{"rendered":"<p>Sie suchen eine besondere Unterhaltung f\u00fcr Ihre Firmenfeier? Dann sind die Skyliners die richtige Wahl f\u00fcr Sie! Mit ihrer spektakul\u00e4ren Robot Dance Show bieten sie ein unvergessliches Erlebnis f\u00fcr Ihre G\u00e4ste. Die beeindruckenden barocken Kost\u00fcme und die vielf\u00e4ltige Musikauswahl, von klassischer Musik bis hin zum unsterblichen Hit &#8220;Rock me, Amadeus&#8221; von Falco, garantieren ein Fest [&hellip;]<\/p>\n","protected":false},"author":1,"featured_media":0,"parent":0,"menu_order":0,"comment_status":"closed","ping_status":"closed","template":"","meta":{"_monsterinsights_skip_tracking":false,"_monsterinsights_sitenote_active":false,"_monsterinsights_sitenote_note":"","_monsterinsights_sitenote_category":0,"footnotes":""},"class_list":["post-2209","page","type-page","status-publish","hentry"],"translation":{"provider":"WPGlobus","version":"3.0.2","language":"en","enabled_languages":["de","en"],"languages":{"de":{"title":true,"content":true,"excerpt":false},"en":{"title":false,"content":false,"excerpt":false}}},"yoast_head":"<!-- This site is optimized with the Yoast SEO plugin v27.2 - https:\/\/yoast.com\/product\/yoast-seo-wordpress\/ -->\n<title>Firmenfeier -<\/title>\n<meta name=\"robots\" content=\"index, follow, max-snippet:-1, max-image-preview:large, max-video-preview:-1\" \/>\n<link rel=\"canonical\" href=\"https:\/\/skyliners-shows.de\/firmenfeier\/\" \/>\n<meta property=\"og:locale\" content=\"en_US\" \/>\n<meta property=\"og:type\" content=\"article\" \/>\n<meta property=\"og:title\" content=\"Firmenfeier -\" \/>\n<meta property=\"og:url\" content=\"https:\/\/skyliners-shows.de\/firmenfeier\/\" \/>\n<meta property=\"article:modified_time\" content=\"2023-01-13T16:53:15+00:00\" \/>\n<meta name=\"twitter:card\" content=\"summary_large_image\" \/>\n<meta name=\"twitter:label1\" content=\"Est. reading time\" \/>\n\t<meta name=\"twitter:data1\" content=\"1 minute\" \/>\n<script type=\"application\/ld+json\" class=\"yoast-schema-graph\">{\"@context\":\"https:\/\/schema.org\",\"@graph\":[{\"@type\":\"WebPage\",\"@id\":\"https:\/\/skyliners-shows.de\/firmenfeier\/\",\"url\":\"https:\/\/skyliners-shows.de\/firmenfeier\/\",\"name\":\"Firmenfeier -\",\"isPartOf\":{\"@id\":\"https:\/\/skyliners-shows.de\/#website\"},\"datePublished\":\"2023-01-13T16:29:05+00:00\",\"dateModified\":\"2023-01-13T16:53:15+00:00\",\"breadcrumb\":{\"@id\":\"https:\/\/skyliners-shows.de\/firmenfeier\/#breadcrumb\"},\"inLanguage\":\"en\",\"potentialAction\":[{\"@type\":\"ReadAction\",\"target\":[\"https:\/\/skyliners-shows.de\/firmenfeier\/\"]}]},{\"@type\":\"BreadcrumbList\",\"@id\":\"https:\/\/skyliners-shows.de\/firmenfeier\/#breadcrumb\",\"itemListElement\":[{\"@type\":\"ListItem\",\"position\":1,\"name\":\"Home\",\"item\":\"https:\/\/skyliners-shows.de\/\"},{\"@type\":\"ListItem\",\"position\":2,\"name\":\"Firmenfeier\"}]},{\"@type\":\"WebSite\",\"@id\":\"https:\/\/skyliners-shows.de\/#website\",\"url\":\"https:\/\/skyliners-shows.de\/\",\"name\":\"\",\"description\":\"\",\"potentialAction\":[{\"@type\":\"SearchAction\",\"target\":{\"@type\":\"EntryPoint\",\"urlTemplate\":\"https:\/\/skyliners-shows.de\/?s={search_term_string}\"},\"query-input\":{\"@type\":\"PropertyValueSpecification\",\"valueRequired\":true,\"valueName\":\"search_term_string\"}}],\"inLanguage\":\"en\"}]}<\/script>\n<!-- \/ Yoast SEO plugin. -->","yoast_head_json":{"title":"Firmenfeier -","robots":{"index":"index","follow":"follow","max-snippet":"max-snippet:-1","max-image-preview":"max-image-preview:large","max-video-preview":"max-video-preview:-1"},"canonical":"https:\/\/skyliners-shows.de\/firmenfeier\/","og_locale":"en_US","og_type":"article","og_title":"Firmenfeier -","og_url":"https:\/\/skyliners-shows.de\/firmenfeier\/","article_modified_time":"2023-01-13T16:53:15+00:00","twitter_card":"summary_large_image","twitter_misc":{"Est. reading time":"1 minute"},"schema":{"@context":"https:\/\/schema.org","@graph":[{"@type":"WebPage","@id":"https:\/\/skyliners-shows.de\/firmenfeier\/","url":"https:\/\/skyliners-shows.de\/firmenfeier\/","name":"Firmenfeier -","isPartOf":{"@id":"https:\/\/skyliners-shows.de\/#website"},"datePublished":"2023-01-13T16:29:05+00:00","dateModified":"2023-01-13T16:53:15+00:00","breadcrumb":{"@id":"https:\/\/skyliners-shows.de\/firmenfeier\/#breadcrumb"},"inLanguage":"en","potentialAction":[{"@type":"ReadAction","target":["https:\/\/skyliners-shows.de\/firmenfeier\/"]}]},{"@type":"BreadcrumbList","@id":"https:\/\/skyliners-shows.de\/firmenfeier\/#breadcrumb","itemListElement":[{"@type":"ListItem","position":1,"name":"Home","item":"https:\/\/skyliners-shows.de\/"},{"@type":"ListItem","position":2,"name":"Firmenfeier"}]},{"@type":"WebSite","@id":"https:\/\/skyliners-shows.de\/#website","url":"https:\/\/skyliners-shows.de\/","name":"","description":"","potentialAction":[{"@type":"SearchAction","target":{"@type":"EntryPoint","urlTemplate":"https:\/\/skyliners-shows.de\/?s={search_term_string}"},"query-input":{"@type":"PropertyValueSpecification","valueRequired":true,"valueName":"search_term_string"}}],"inLanguage":"en"}]}},"_links":{"self":[{"href":"https:\/\/skyliners-shows.de\/en\/wp-json\/wp\/v2\/pages\/2209","targetHints":{"allow":["GET"]}}],"collection":[{"href":"https:\/\/skyliners-shows.de\/en\/wp-json\/wp\/v2\/pages"}],"about":[{"href":"https:\/\/skyliners-shows.de\/en\/wp-json\/wp\/v2\/types\/page"}],"author":[{"embeddable":true,"href":"https:\/\/skyliners-shows.de\/en\/wp-json\/wp\/v2\/users\/1"}],"replies":[{"embeddable":true,"href":"https:\/\/skyliners-shows.de\/en\/wp-json\/wp\/v2\/comments?post=2209"}],"version-history":[{"count":2,"href":"https:\/\/skyliners-shows.de\/en\/wp-json\/wp\/v2\/pages\/2209\/revisions"}],"predecessor-version":[{"id":2214,"href":"https:\/\/skyliners-shows.de\/en\/wp-json\/wp\/v2\/pages\/2209\/revisions\/2214"}],"wp:attachment":[{"href":"https:\/\/skyliners-shows.de\/en\/wp-json\/wp\/v2\/media?parent=2209"}],"curies":[{"name":"wp","href":"https:\/\/api.w.org\/{rel}","templated":true}]}}