{"id":195,"date":"2015-10-20T14:04:09","date_gmt":"2015-10-20T12:04:09","guid":{"rendered":"http:\/\/skyliners-shows.de\/?page_id=195"},"modified":"2016-06-13T07:17:47","modified_gmt":"2016-06-13T06:17:47","slug":"zeitzeugen","status":"publish","type":"page","link":"https:\/\/skyliners-shows.de\/en\/zeitzeugen\/","title":{"rendered":"Time Witness"},"content":{"rendered":"<p><img loading=\"lazy\" decoding=\"async\" class=\"alignnone size-full wp-image-1298\" src=\"http:\/\/skyliners-shows.de\/wp-content\/uploads\/zeitzeugen_2.png\" alt=\"zeitzeugen_2\" width=\"930\" height=\"250\" srcset=\"https:\/\/skyliners-shows.de\/wp-content\/uploads\/zeitzeugen_2.png 930w, https:\/\/skyliners-shows.de\/wp-content\/uploads\/zeitzeugen_2-768x206.png 768w\" sizes=\"auto, (max-width: 930px) 100vw, 930px\" \/><\/p>\n<p>Entgegen jeglicher Ostalgieverdummung und auf Grund der historischen Verantwortung berichtet Heiko &#8220;Hahny&#8221; Hahnewald, 2facher DDR-Meister im Break Dance, \u00fcber die Entwicklung einer kapitalistischen Jugendkultur in einem sozialistischen System. Viele Jugendliche k\u00f6nnen sich im Zeitalter von Smartphone, Facebook und YouTube kaum vorstellen wie kompliziert es f\u00fcr die Hip Hop Pioniere der DDR in den fr\u00fchen 80ern war diese Kultur umf\u00e4nglich auszuleben. Im Rahmen von Projekttagen, im Geschichtsunterricht oder zu Ausstellungser\u00f6ffnungen bietet dieser Exkurs interessante Einblicke in eine Jugendkultur die am Anfang so gar nicht ins Leitbild des Sozialismus passte. Umrahmt mit Exponaten, der preisgekr\u00f6nten Dokumentation <strong><span style=\"color: #000000;\"><a style=\"color: #000000;\" href=\"https:\/\/www.youtube.com\/watch?v=NQccUubmaNs\" target=\"_blank\">Here we Come<\/a><\/span><\/strong><span style=\"color: #000000;\"> und einem Gespr\u00e4ch mit dem Zeitzeugen, wird der Aufbruch der Jugend in ein neues Lebensgef\u00fchl vermittelt.<br \/>\n<\/span><\/p>\n<p>Die <span style=\"color: #000000;\"><a style=\"color: #000000;\" href=\"http:\/\/skyliners-shows.de\/wp-content\/uploads\/zeitzeugen_3.jpg\" target=\"_blank\"><strong>historischen Exponate<\/strong><\/a><\/span> wurden unter anderen in Ausstellungen\u00a0des rock&#8217;n&#8217;popmuseum Gronau, der BSTU Runde Ecke Leipzig<br \/>\nsowie im Germanischen Nationalmuseum N\u00fcrnberg integriert.<\/p>\n<p>Kommen Sie mit Heiko &#8220;Hahny&#8221; Hahnewald auf eine Zeitreise in ein Land das von einer scheinbar undurchdringlichen Mauer umgeben war!<\/p>\n<p><a href=\"http:\/\/skyliners-shows.de\/wp-content\/uploads\/zeitzeugen_1.png\"><img loading=\"lazy\" decoding=\"async\" class=\"size-full wp-image-428 aligncenter\" src=\"http:\/\/skyliners-shows.de\/wp-content\/uploads\/zeitzeugen_1.png\" alt=\"zeitzeugen_1\" width=\"744\" height=\"350\" \/><\/a><\/p>\n","protected":false},"excerpt":{"rendered":"<p>Entgegen jeglicher Ostalgieverdummung und auf Grund der historischen Verantwortung berichtet Heiko &#8220;Hahny&#8221; Hahnewald, 2facher DDR-Meister im Break Dance, \u00fcber die Entwicklung einer kapitalistischen Jugendkultur in einem sozialistischen System. Viele Jugendliche k\u00f6nnen sich im Zeitalter von Smartphone, Facebook und YouTube kaum vorstellen wie kompliziert es f\u00fcr die Hip Hop Pioniere der DDR in den fr\u00fchen 80ern [&hellip;]<\/p>\n","protected":false},"author":1,"featured_media":0,"parent":0,"menu_order":0,"comment_status":"closed","ping_status":"closed","template":"fullpage.php","meta":{"_monsterinsights_skip_tracking":false,"_monsterinsights_sitenote_active":false,"_monsterinsights_sitenote_note":"","_monsterinsights_sitenote_category":0,"footnotes":""},"class_list":["post-195","page","type-page","status-publish","hentry"],"translation":{"provider":"WPGlobus","version":"3.0.2","language":"en","enabled_languages":["de","en"],"languages":{"de":{"title":true,"content":true,"excerpt":false},"en":{"title":true,"content":true,"excerpt":false}}},"yoast_head":"<!-- This site is optimized with the Yoast SEO plugin v27.2 - https:\/\/yoast.com\/product\/yoast-seo-wordpress\/ -->\n<title>Youth in the GDR - Lectures about Breakdance in theGDR<\/title>\n<meta name=\"description\" content=\"Interesting digressions about the GDR youth culture with an emphasis on the Hip Hop history of the GDR . Particularly suitable for school projects or openings .\" \/>\n<meta name=\"robots\" content=\"index, follow, max-snippet:-1, max-image-preview:large, max-video-preview:-1\" \/>\n<link rel=\"canonical\" href=\"https:\/\/skyliners-shows.de\/zeitzeugen\/\" \/>\n<meta property=\"og:locale\" content=\"en_US\" \/>\n<meta property=\"og:type\" content=\"article\" \/>\n<meta property=\"og:title\" content=\"Youth in the GDR - Lectures about Breakdance in theGDR\" \/>\n<meta property=\"og:description\" content=\"Interesting digressions about the GDR youth culture with an emphasis on the Hip Hop history of the GDR . Particularly suitable for school projects or openings .\" \/>\n<meta property=\"og:url\" content=\"https:\/\/skyliners-shows.de\/zeitzeugen\/\" \/>\n<meta property=\"article:modified_time\" content=\"2016-06-13T06:17:47+00:00\" \/>\n<meta property=\"og:image\" content=\"http:\/\/skyliners-shows.de\/wp-content\/uploads\/zeitzeugen_2.png\" \/>\n<meta name=\"twitter:card\" content=\"summary_large_image\" \/>\n<meta name=\"twitter:label1\" content=\"Est. reading time\" \/>\n\t<meta name=\"twitter:data1\" content=\"2 minutes\" \/>\n<script type=\"application\/ld+json\" class=\"yoast-schema-graph\">{\"@context\":\"https:\/\/schema.org\",\"@graph\":[{\"@type\":\"WebPage\",\"@id\":\"https:\/\/skyliners-shows.de\/zeitzeugen\/\",\"url\":\"https:\/\/skyliners-shows.de\/zeitzeugen\/\",\"name\":\"Jugend in der DDR - Vortr\u00e4ge\/Exkurse \u00fcber Breakdance DDR\",\"isPartOf\":{\"@id\":\"https:\/\/skyliners-shows.de\/#website\"},\"primaryImageOfPage\":{\"@id\":\"https:\/\/skyliners-shows.de\/zeitzeugen\/#primaryimage\"},\"image\":{\"@id\":\"https:\/\/skyliners-shows.de\/zeitzeugen\/#primaryimage\"},\"thumbnailUrl\":\"http:\/\/skyliners-shows.de\/wp-content\/uploads\/zeitzeugen_2.png\",\"datePublished\":\"2015-10-20T12:04:09+00:00\",\"dateModified\":\"2016-06-13T06:17:47+00:00\",\"description\":\"Interesting digressions about the GDR youth culture with an emphasis on the Hip Hop history of the GDR . Particularly suitable for school projects or openings .\",\"breadcrumb\":{\"@id\":\"https:\/\/skyliners-shows.de\/zeitzeugen\/#breadcrumb\"},\"inLanguage\":\"en\",\"potentialAction\":[{\"@type\":\"ReadAction\",\"target\":[\"https:\/\/skyliners-shows.de\/zeitzeugen\/\"]}]},{\"@type\":\"ImageObject\",\"inLanguage\":\"en\",\"@id\":\"https:\/\/skyliners-shows.de\/zeitzeugen\/#primaryimage\",\"url\":\"http:\/\/skyliners-shows.de\/wp-content\/uploads\/zeitzeugen_2.png\",\"contentUrl\":\"http:\/\/skyliners-shows.de\/wp-content\/uploads\/zeitzeugen_2.png\"},{\"@type\":\"BreadcrumbList\",\"@id\":\"https:\/\/skyliners-shows.de\/zeitzeugen\/#breadcrumb\",\"itemListElement\":[{\"@type\":\"ListItem\",\"position\":1,\"name\":\"Home\",\"item\":\"https:\/\/skyliners-shows.de\/\"},{\"@type\":\"ListItem\",\"position\":2,\"name\":\"Zeitzeugen\"}]},{\"@type\":\"WebSite\",\"@id\":\"https:\/\/skyliners-shows.de\/#website\",\"url\":\"https:\/\/skyliners-shows.de\/\",\"name\":\"\",\"description\":\"\",\"potentialAction\":[{\"@type\":\"SearchAction\",\"target\":{\"@type\":\"EntryPoint\",\"urlTemplate\":\"https:\/\/skyliners-shows.de\/?s={search_term_string}\"},\"query-input\":{\"@type\":\"PropertyValueSpecification\",\"valueRequired\":true,\"valueName\":\"search_term_string\"}}],\"inLanguage\":\"en\"}]}<\/script>\n<!-- \/ Yoast SEO plugin. -->","yoast_head_json":{"title":"Youth in the GDR - Lectures about Breakdance in theGDR","description":"Interesting digressions about the GDR youth culture with an emphasis on the Hip Hop history of the GDR . Particularly suitable for school projects or openings .","robots":{"index":"index","follow":"follow","max-snippet":"max-snippet:-1","max-image-preview":"max-image-preview:large","max-video-preview":"max-video-preview:-1"},"canonical":"https:\/\/skyliners-shows.de\/zeitzeugen\/","og_locale":"en_US","og_type":"article","og_title":"Youth in the GDR - Lectures about Breakdance in theGDR","og_description":"Interesting digressions about the GDR youth culture with an emphasis on the Hip Hop history of the GDR . Particularly suitable for school projects or openings .","og_url":"https:\/\/skyliners-shows.de\/zeitzeugen\/","article_modified_time":"2016-06-13T06:17:47+00:00","og_image":[{"url":"http:\/\/skyliners-shows.de\/wp-content\/uploads\/zeitzeugen_2.png","type":"","width":"","height":""}],"twitter_card":"summary_large_image","twitter_misc":{"Est. reading time":"2 minutes"},"schema":{"@context":"https:\/\/schema.org","@graph":[{"@type":"WebPage","@id":"https:\/\/skyliners-shows.de\/zeitzeugen\/","url":"https:\/\/skyliners-shows.de\/zeitzeugen\/","name":"Jugend in der DDR - Vortr\u00e4ge\/Exkurse \u00fcber Breakdance DDR","isPartOf":{"@id":"https:\/\/skyliners-shows.de\/#website"},"primaryImageOfPage":{"@id":"https:\/\/skyliners-shows.de\/zeitzeugen\/#primaryimage"},"image":{"@id":"https:\/\/skyliners-shows.de\/zeitzeugen\/#primaryimage"},"thumbnailUrl":"http:\/\/skyliners-shows.de\/wp-content\/uploads\/zeitzeugen_2.png","datePublished":"2015-10-20T12:04:09+00:00","dateModified":"2016-06-13T06:17:47+00:00","description":"Interesting digressions about the GDR youth culture with an emphasis on the Hip Hop history of the GDR . Particularly suitable for school projects or openings .","breadcrumb":{"@id":"https:\/\/skyliners-shows.de\/zeitzeugen\/#breadcrumb"},"inLanguage":"en","potentialAction":[{"@type":"ReadAction","target":["https:\/\/skyliners-shows.de\/zeitzeugen\/"]}]},{"@type":"ImageObject","inLanguage":"en","@id":"https:\/\/skyliners-shows.de\/zeitzeugen\/#primaryimage","url":"http:\/\/skyliners-shows.de\/wp-content\/uploads\/zeitzeugen_2.png","contentUrl":"http:\/\/skyliners-shows.de\/wp-content\/uploads\/zeitzeugen_2.png"},{"@type":"BreadcrumbList","@id":"https:\/\/skyliners-shows.de\/zeitzeugen\/#breadcrumb","itemListElement":[{"@type":"ListItem","position":1,"name":"Home","item":"https:\/\/skyliners-shows.de\/"},{"@type":"ListItem","position":2,"name":"Zeitzeugen"}]},{"@type":"WebSite","@id":"https:\/\/skyliners-shows.de\/#website","url":"https:\/\/skyliners-shows.de\/","name":"","description":"","potentialAction":[{"@type":"SearchAction","target":{"@type":"EntryPoint","urlTemplate":"https:\/\/skyliners-shows.de\/?s={search_term_string}"},"query-input":{"@type":"PropertyValueSpecification","valueRequired":true,"valueName":"search_term_string"}}],"inLanguage":"en"}]}},"_links":{"self":[{"href":"https:\/\/skyliners-shows.de\/en\/wp-json\/wp\/v2\/pages\/195","targetHints":{"allow":["GET"]}}],"collection":[{"href":"https:\/\/skyliners-shows.de\/en\/wp-json\/wp\/v2\/pages"}],"about":[{"href":"https:\/\/skyliners-shows.de\/en\/wp-json\/wp\/v2\/types\/page"}],"author":[{"embeddable":true,"href":"https:\/\/skyliners-shows.de\/en\/wp-json\/wp\/v2\/users\/1"}],"replies":[{"embeddable":true,"href":"https:\/\/skyliners-shows.de\/en\/wp-json\/wp\/v2\/comments?post=195"}],"version-history":[{"count":52,"href":"https:\/\/skyliners-shows.de\/en\/wp-json\/wp\/v2\/pages\/195\/revisions"}],"predecessor-version":[{"id":1695,"href":"https:\/\/skyliners-shows.de\/en\/wp-json\/wp\/v2\/pages\/195\/revisions\/1695"}],"wp:attachment":[{"href":"https:\/\/skyliners-shows.de\/en\/wp-json\/wp\/v2\/media?parent=195"}],"curies":[{"name":"wp","href":"https:\/\/api.w.org\/{rel}","templated":true}]}}