{"id":183,"date":"2015-10-20T13:22:15","date_gmt":"2015-10-20T11:22:15","guid":{"rendered":"http:\/\/skyliners-shows.de\/?page_id=183"},"modified":"2016-06-13T07:17:19","modified_gmt":"2016-06-13T06:17:19","slug":"projekte","status":"publish","type":"page","link":"https:\/\/skyliners-shows.de\/en\/in-aktion\/projekte\/","title":{"rendered":"Projects"},"content":{"rendered":"<p><span style=\"color: #000000;\"><a href=\"http:\/\/skyliners-shows.de\/wp-content\/uploads\/projekte_3.png\"><img loading=\"lazy\" decoding=\"async\" class=\"size-full wp-image-756 aligncenter\" src=\"http:\/\/skyliners-shows.de\/wp-content\/uploads\/projekte_3.png\" alt=\"projekte_3\" width=\"354\" height=\"250\" \/><\/a><\/span><\/p>\n<p style=\"text-align: left;\">Eine weitere Facette der k\u00fcnstlerischen Arbeit der Skyliners ist die Erarbeitung innovativer Projekte mit Kindern und Jugendlichen.<br \/>\n<span style=\"color: #000000;\"><a style=\"color: #000000;\" href=\"http:\/\/skyliners-shows.de\/wp-content\/uploads\/projekte_4.jpg\" target=\"_blank\"><strong>Mathias \u201eBeat Boh\u00e8me\u201c Buckl<\/strong><\/a><\/span> ist der kreative Kopf dieser Projekte. Er war <strong><span style=\"color: #000000;\"><a style=\"color: #000000;\" href=\"http:\/\/skyliners-shows.de\/wp-content\/uploads\/SkylinersMedial15_big.jpg\" target=\"_blank\">Deutschlands erster Absolvent<\/a><\/span><\/strong> des Studienganges<br \/>\n&#8220;Tanz in Schulen&#8221; an der Hochschule f\u00fcr Musik Tanz und der deutschen Sporthochschule in K\u00f6ln. Seine k\u00fcnstlerische Arbeit<br \/>\nwird von den Skylinern Holger \u201eKillian\u201c K\u00f6hler und Heiko \u201eHahny\u201c Hahnewald sowie weiteren erfahrenen Dozenten begleitet.<\/p>\n<p style=\"text-align: left;\">In den Projekten erarbeiten die Kinder und Jugendlichen, unterst\u00fctzt und motiviert durch die professionellen Tanztrainer<br \/>\nund Tanzp\u00e4dagogen, Schritt f\u00fcr Schritt eine Pr\u00e4sentation oder eine abendf\u00fcllende Veranstaltung. Gef\u00f6rdert werden sollen dabei<br \/>\ndie Eigeninitiative der Projektteilnehmer sowie das Vertrauen in sich selbst, um bisher gedachte Grenzen zu \u00fcberwinden.<br \/>\n<span class=\"_5yl5\">Gleichzeitig sollen das Interesse und der Spa\u00df an urbanen Tanzstilen geweckt, alternative Wege der Freizeitbesch\u00e4ftigung<br \/>\n&#8211; statt Videospielen oder Drogen &#8211; und Alkoholkonsum &#8211; aufgezeigt sowie eine gewaltfreie Lebensgestaltung gef\u00f6rdert werden.<br \/>\nZu unseren Projektpartnern geh\u00f6ren Schulen , kulturelle Tr\u00e4ger und Einrichtungen, soziale, politische und kirchliche Partner<br \/>\nsowie Vereine oder auch <span style=\"color: #000000;\"><a style=\"color: #000000;\" href=\"http:\/\/www.elbland-philharmonie-sachsen.de\/\" target=\"_blank\"><strong>musikalische Klangk\u00f6rper<\/strong><\/a><\/span>.<\/span><\/p>\n<p>Wir freuen uns auf neue, kreative Projekte mit Ihren Kindern, Sch\u00fclern und Jugendlichen und mit Ihnen als Partner an unserer Seite.<\/p>\n<p style=\"text-align: center;\"><strong>Referenzprojekte<\/strong><\/p>\n<p style=\"text-align: center;\"><span style=\"color: #000000;\"><strong><a style=\"color: #000000;\" href=\"https:\/\/www.youtube.com\/watch?v=UnlHGKyujwM\" target=\"_blank\">Das tanzende Klassenzimmer 2013<\/a>\u00a0\u00a0<\/strong>\u00a0\u00a0\u00a0 <strong><a style=\"color: #000000;\" href=\"https:\/\/www.youtube.com\/watch?v=zW1x5zUbkK4\" target=\"_blank\">Move &#8211; Die Dokumentation 2014<\/a><\/strong> \u00a0\u00a0\u00a0\u00a0 <strong><a style=\"color: #000000;\" href=\"https:\/\/www.youtube.com\/watch?v=71zMCUppUG4\" target=\"_blank\">Break Dance meets Classic &#8211; The Decision &#8211; Doku 2015 <\/a><\/strong><\/span><\/p>\n<p><a href=\"http:\/\/skyliners-shows.de\/wp-content\/uploads\/projekte_2.png\"><img loading=\"lazy\" decoding=\"async\" class=\"size-full wp-image-626 aligncenter\" src=\"http:\/\/skyliners-shows.de\/wp-content\/uploads\/projekte_2.png\" alt=\"projekte_2\" width=\"930\" height=\"250\" \/><\/a><\/p>\n","protected":false},"excerpt":{"rendered":"<p>Eine weitere Facette der k\u00fcnstlerischen Arbeit der Skyliners ist die Erarbeitung innovativer Projekte mit Kindern und Jugendlichen. Mathias \u201eBeat Boh\u00e8me\u201c Buckl ist der kreative Kopf dieser Projekte. Er war Deutschlands erster Absolvent des Studienganges &#8220;Tanz in Schulen&#8221; an der Hochschule f\u00fcr Musik Tanz und der deutschen Sporthochschule in K\u00f6ln. Seine k\u00fcnstlerische Arbeit wird von den [&hellip;]<\/p>\n","protected":false},"author":1,"featured_media":0,"parent":15,"menu_order":0,"comment_status":"closed","ping_status":"closed","template":"fullpage.php","meta":{"_monsterinsights_skip_tracking":false,"_monsterinsights_sitenote_active":false,"_monsterinsights_sitenote_note":"","_monsterinsights_sitenote_category":0,"footnotes":""},"class_list":["post-183","page","type-page","status-publish","hentry"],"translation":{"provider":"WPGlobus","version":"3.0.2","language":"en","enabled_languages":["de","en"],"languages":{"de":{"title":true,"content":true,"excerpt":false},"en":{"title":true,"content":true,"excerpt":false}}},"yoast_head":"<!-- This site is optimized with the Yoast SEO plugin v27.2 - https:\/\/yoast.com\/product\/yoast-seo-wordpress\/ -->\n<title>Dance project for schools and social institutions<\/title>\n<meta name=\"description\" content=\"Special dance projects such as dance in schools. Professional dance teachers support young people in dance performances at social institution &amp; schools .\" \/>\n<meta name=\"robots\" content=\"index, follow, max-snippet:-1, max-image-preview:large, max-video-preview:-1\" \/>\n<link rel=\"canonical\" href=\"https:\/\/skyliners-shows.de\/in-aktion\/projekte\/\" \/>\n<meta property=\"og:locale\" content=\"en_US\" \/>\n<meta property=\"og:type\" content=\"article\" \/>\n<meta property=\"og:title\" content=\"Dance project for schools and social institutions\" \/>\n<meta property=\"og:description\" content=\"Special dance projects such as dance in schools. Professional dance teachers support young people in dance performances at social institution &amp; schools .\" \/>\n<meta property=\"og:url\" content=\"https:\/\/skyliners-shows.de\/in-aktion\/projekte\/\" \/>\n<meta property=\"article:modified_time\" content=\"2016-06-13T06:17:19+00:00\" \/>\n<meta property=\"og:image\" content=\"http:\/\/skyliners-shows.de\/wp-content\/uploads\/projekte_3.png\" \/>\n<meta name=\"twitter:card\" content=\"summary_large_image\" \/>\n<meta name=\"twitter:label1\" content=\"Est. reading time\" \/>\n\t<meta name=\"twitter:data1\" content=\"2 minutes\" \/>\n<script type=\"application\/ld+json\" class=\"yoast-schema-graph\">{\"@context\":\"https:\/\/schema.org\",\"@graph\":[{\"@type\":\"WebPage\",\"@id\":\"https:\/\/skyliners-shows.de\/in-aktion\/projekte\/\",\"url\":\"https:\/\/skyliners-shows.de\/in-aktion\/projekte\/\",\"name\":\"Tanzprojekt f\u00fcr Schulen & soziale Einrichtungen\",\"isPartOf\":{\"@id\":\"https:\/\/skyliners-shows.de\/#website\"},\"primaryImageOfPage\":{\"@id\":\"https:\/\/skyliners-shows.de\/in-aktion\/projekte\/#primaryimage\"},\"image\":{\"@id\":\"https:\/\/skyliners-shows.de\/in-aktion\/projekte\/#primaryimage\"},\"thumbnailUrl\":\"http:\/\/skyliners-shows.de\/wp-content\/uploads\/projekte_3.png\",\"datePublished\":\"2015-10-20T11:22:15+00:00\",\"dateModified\":\"2016-06-13T06:17:19+00:00\",\"description\":\"Special dance projects such as dance in schools. Professional dance teachers support young people in dance performances at social institution & schools .\",\"breadcrumb\":{\"@id\":\"https:\/\/skyliners-shows.de\/in-aktion\/projekte\/#breadcrumb\"},\"inLanguage\":\"en\",\"potentialAction\":[{\"@type\":\"ReadAction\",\"target\":[\"https:\/\/skyliners-shows.de\/in-aktion\/projekte\/\"]}]},{\"@type\":\"ImageObject\",\"inLanguage\":\"en\",\"@id\":\"https:\/\/skyliners-shows.de\/in-aktion\/projekte\/#primaryimage\",\"url\":\"http:\/\/skyliners-shows.de\/wp-content\/uploads\/projekte_3.png\",\"contentUrl\":\"http:\/\/skyliners-shows.de\/wp-content\/uploads\/projekte_3.png\"},{\"@type\":\"BreadcrumbList\",\"@id\":\"https:\/\/skyliners-shows.de\/in-aktion\/projekte\/#breadcrumb\",\"itemListElement\":[{\"@type\":\"ListItem\",\"position\":1,\"name\":\"Home\",\"item\":\"https:\/\/skyliners-shows.de\/\"},{\"@type\":\"ListItem\",\"position\":2,\"name\":\"In Aktion\",\"item\":\"https:\/\/skyliners-shows.de\/in-aktion\/\"},{\"@type\":\"ListItem\",\"position\":3,\"name\":\"Projekte\"}]},{\"@type\":\"WebSite\",\"@id\":\"https:\/\/skyliners-shows.de\/#website\",\"url\":\"https:\/\/skyliners-shows.de\/\",\"name\":\"\",\"description\":\"\",\"potentialAction\":[{\"@type\":\"SearchAction\",\"target\":{\"@type\":\"EntryPoint\",\"urlTemplate\":\"https:\/\/skyliners-shows.de\/?s={search_term_string}\"},\"query-input\":{\"@type\":\"PropertyValueSpecification\",\"valueRequired\":true,\"valueName\":\"search_term_string\"}}],\"inLanguage\":\"en\"}]}<\/script>\n<!-- \/ Yoast SEO plugin. -->","yoast_head_json":{"title":"Dance project for schools and social institutions","description":"Special dance projects such as dance in schools. Professional dance teachers support young people in dance performances at social institution & schools .","robots":{"index":"index","follow":"follow","max-snippet":"max-snippet:-1","max-image-preview":"max-image-preview:large","max-video-preview":"max-video-preview:-1"},"canonical":"https:\/\/skyliners-shows.de\/in-aktion\/projekte\/","og_locale":"en_US","og_type":"article","og_title":"Dance project for schools and social institutions","og_description":"Special dance projects such as dance in schools. Professional dance teachers support young people in dance performances at social institution & schools .","og_url":"https:\/\/skyliners-shows.de\/in-aktion\/projekte\/","article_modified_time":"2016-06-13T06:17:19+00:00","og_image":[{"url":"http:\/\/skyliners-shows.de\/wp-content\/uploads\/projekte_3.png","type":"","width":"","height":""}],"twitter_card":"summary_large_image","twitter_misc":{"Est. reading time":"2 minutes"},"schema":{"@context":"https:\/\/schema.org","@graph":[{"@type":"WebPage","@id":"https:\/\/skyliners-shows.de\/in-aktion\/projekte\/","url":"https:\/\/skyliners-shows.de\/in-aktion\/projekte\/","name":"Tanzprojekt f\u00fcr Schulen & soziale Einrichtungen","isPartOf":{"@id":"https:\/\/skyliners-shows.de\/#website"},"primaryImageOfPage":{"@id":"https:\/\/skyliners-shows.de\/in-aktion\/projekte\/#primaryimage"},"image":{"@id":"https:\/\/skyliners-shows.de\/in-aktion\/projekte\/#primaryimage"},"thumbnailUrl":"http:\/\/skyliners-shows.de\/wp-content\/uploads\/projekte_3.png","datePublished":"2015-10-20T11:22:15+00:00","dateModified":"2016-06-13T06:17:19+00:00","description":"Special dance projects such as dance in schools. Professional dance teachers support young people in dance performances at social institution & schools .","breadcrumb":{"@id":"https:\/\/skyliners-shows.de\/in-aktion\/projekte\/#breadcrumb"},"inLanguage":"en","potentialAction":[{"@type":"ReadAction","target":["https:\/\/skyliners-shows.de\/in-aktion\/projekte\/"]}]},{"@type":"ImageObject","inLanguage":"en","@id":"https:\/\/skyliners-shows.de\/in-aktion\/projekte\/#primaryimage","url":"http:\/\/skyliners-shows.de\/wp-content\/uploads\/projekte_3.png","contentUrl":"http:\/\/skyliners-shows.de\/wp-content\/uploads\/projekte_3.png"},{"@type":"BreadcrumbList","@id":"https:\/\/skyliners-shows.de\/in-aktion\/projekte\/#breadcrumb","itemListElement":[{"@type":"ListItem","position":1,"name":"Home","item":"https:\/\/skyliners-shows.de\/"},{"@type":"ListItem","position":2,"name":"In Aktion","item":"https:\/\/skyliners-shows.de\/in-aktion\/"},{"@type":"ListItem","position":3,"name":"Projekte"}]},{"@type":"WebSite","@id":"https:\/\/skyliners-shows.de\/#website","url":"https:\/\/skyliners-shows.de\/","name":"","description":"","potentialAction":[{"@type":"SearchAction","target":{"@type":"EntryPoint","urlTemplate":"https:\/\/skyliners-shows.de\/?s={search_term_string}"},"query-input":{"@type":"PropertyValueSpecification","valueRequired":true,"valueName":"search_term_string"}}],"inLanguage":"en"}]}},"_links":{"self":[{"href":"https:\/\/skyliners-shows.de\/en\/wp-json\/wp\/v2\/pages\/183","targetHints":{"allow":["GET"]}}],"collection":[{"href":"https:\/\/skyliners-shows.de\/en\/wp-json\/wp\/v2\/pages"}],"about":[{"href":"https:\/\/skyliners-shows.de\/en\/wp-json\/wp\/v2\/types\/page"}],"author":[{"embeddable":true,"href":"https:\/\/skyliners-shows.de\/en\/wp-json\/wp\/v2\/users\/1"}],"replies":[{"embeddable":true,"href":"https:\/\/skyliners-shows.de\/en\/wp-json\/wp\/v2\/comments?post=183"}],"version-history":[{"count":98,"href":"https:\/\/skyliners-shows.de\/en\/wp-json\/wp\/v2\/pages\/183\/revisions"}],"predecessor-version":[{"id":1693,"href":"https:\/\/skyliners-shows.de\/en\/wp-json\/wp\/v2\/pages\/183\/revisions\/1693"}],"up":[{"embeddable":true,"href":"https:\/\/skyliners-shows.de\/en\/wp-json\/wp\/v2\/pages\/15"}],"wp:attachment":[{"href":"https:\/\/skyliners-shows.de\/en\/wp-json\/wp\/v2\/media?parent=183"}],"curies":[{"name":"wp","href":"https:\/\/api.w.org\/{rel}","templated":true}]}}