{"id":13,"date":"2015-05-28T21:10:13","date_gmt":"2015-05-28T19:10:13","guid":{"rendered":"http:\/\/skyliners-shows.de\/?page_id=13"},"modified":"2024-03-04T10:05:55","modified_gmt":"2024-03-04T09:05:55","slug":"historie","status":"publish","type":"page","link":"https:\/\/skyliners-shows.de\/en\/historie\/","title":{"rendered":"History"},"content":{"rendered":"<p style=\"text-align: center;\"><a href=\"http:\/\/skyliners-shows.de\/wp-content\/uploads\/historie_1.png\"><img loading=\"lazy\" decoding=\"async\" class=\"size-full wp-image-112 aligncenter\" src=\"http:\/\/skyliners-shows.de\/wp-content\/uploads\/historie_1.png\" alt=\"historie_1\" width=\"921\" height=\"251\" \/><\/a><\/p>\n<p style=\"text-align: center;\">1984 \u2013 2016: Not only thirty-two years of show business and more than 2000 successful shows, but also lasting friendships andmany<br \/>\nshared experiences and creative cooperation. Inspired by \u2018Break Dance Fever\u2019 in the 1980s and the dance film \u2018Beat Street\u2019, the Skyliners began their career in 1984. As Breakdance Formation the group developed as a multi-talented and creative show group made up of dancers, acrobats and artists. Dancers of the Skyliners were GDR champions twice, East German champions and East German Vice-champions in Break Dance, participate in theatre performances and are popular jury members for national and international dance contests.<\/p>\n<p><a href=\"http:\/\/skyliners-shows.de\/wp-content\/uploads\/historie_2.png\"><img loading=\"lazy\" decoding=\"async\" class=\"size-full wp-image-115 aligncenter\" src=\"http:\/\/skyliners-shows.de\/wp-content\/uploads\/historie_2.png\" alt=\"historie_2\" width=\"567\" height=\"250\" \/><\/a><\/p>\n<div class=\"epyt-video-wrapper\"><iframe loading=\"lazy\"  style=\"display: block; margin: 0px auto;\"  id=\"_ytid_62317\"  width=\"640\" height=\"480\"  data-origwidth=\"640\" data-origheight=\"480\" src=\"https:\/\/www.youtube.com\/embed\/qmtF8rKTEYc?enablejsapi=1&origin=https:\/\/skyliners-shows.de&autoplay=0&cc_load_policy=0&cc_lang_pref=&iv_load_policy=1&loop=1&playlist=qmtF8rKTEYc&rel=1&fs=1&playsinline=1&autohide=1&theme=dark&color=red&controls=1&disablekb=0&\" class=\"__youtube_prefs__  no-lazyload\" title=\"Hahnys Break Crew (Skyliners) @ 6.  Leipziger Break Dance Workshop\"  allow=\"fullscreen; accelerometer; autoplay; clipboard-write; encrypted-media; gyroscope; picture-in-picture; web-share\" referrerpolicy=\"strict-origin-when-cross-origin\" allowfullscreen data-no-lazy=\"1\" data-skipgform_ajax_framebjll=\"\"><\/iframe><\/div>\n","protected":false},"excerpt":{"rendered":"<p>1984 \u2013 2016: Not only thirty-two years of show business and more than 2000 successful shows, but also lasting friendships andmany shared experiences and creative cooperation. Inspired by \u2018Break Dance Fever\u2019 in the 1980s and the dance film \u2018Beat Street\u2019, the Skyliners began their career in 1984. As Breakdance Formation the group developed as a [&hellip;]<\/p>\n","protected":false},"author":1,"featured_media":0,"parent":0,"menu_order":0,"comment_status":"closed","ping_status":"closed","template":"fullpage.php","meta":{"_monsterinsights_skip_tracking":false,"_monsterinsights_sitenote_active":false,"_monsterinsights_sitenote_note":"","_monsterinsights_sitenote_category":0,"footnotes":""},"class_list":["post-13","page","type-page","status-publish","hentry"],"translation":{"provider":"WPGlobus","version":"3.0.2","language":"en","enabled_languages":["de","en"],"languages":{"de":{"title":true,"content":true,"excerpt":false},"en":{"title":true,"content":true,"excerpt":false}}},"yoast_head":"<!-- This site is optimized with the Yoast SEO plugin v27.2 - https:\/\/yoast.com\/product\/yoast-seo-wordpress\/ -->\n<title>Breakdance history of Skyliners<\/title>\n<meta name=\"description\" content=\"Looking back on the moving breakdance career of the Skyliners show dance group . Overview of the Breakdance Championships and film projects the Skyliners .\" \/>\n<meta name=\"robots\" content=\"index, follow, max-snippet:-1, max-image-preview:large, max-video-preview:-1\" \/>\n<link rel=\"canonical\" href=\"https:\/\/skyliners-shows.de\/historie\/\" \/>\n<meta property=\"og:locale\" content=\"en_US\" \/>\n<meta property=\"og:type\" content=\"article\" \/>\n<meta property=\"og:title\" content=\"Breakdance history of Skyliners\" \/>\n<meta property=\"og:description\" content=\"Looking back on the moving breakdance career of the Skyliners show dance group . Overview of the Breakdance Championships and film projects the Skyliners .\" \/>\n<meta property=\"og:url\" content=\"https:\/\/skyliners-shows.de\/historie\/\" \/>\n<meta property=\"article:modified_time\" content=\"2024-03-04T09:05:55+00:00\" \/>\n<meta property=\"og:image\" content=\"http:\/\/skyliners-shows.de\/wp-content\/uploads\/historie_1.png\" \/>\n<meta name=\"twitter:card\" content=\"summary_large_image\" \/>\n<meta name=\"twitter:label1\" content=\"Est. reading time\" \/>\n\t<meta name=\"twitter:data1\" content=\"3 minutes\" \/>\n<script type=\"application\/ld+json\" class=\"yoast-schema-graph\">{\"@context\":\"https:\/\/schema.org\",\"@graph\":[{\"@type\":\"WebPage\",\"@id\":\"https:\/\/skyliners-shows.de\/historie\/\",\"url\":\"https:\/\/skyliners-shows.de\/historie\/\",\"name\":\"Breakdance Geschichte der Skyliners\",\"isPartOf\":{\"@id\":\"https:\/\/skyliners-shows.de\/#website\"},\"primaryImageOfPage\":{\"@id\":\"https:\/\/skyliners-shows.de\/historie\/#primaryimage\"},\"image\":{\"@id\":\"https:\/\/skyliners-shows.de\/historie\/#primaryimage\"},\"thumbnailUrl\":\"http:\/\/skyliners-shows.de\/wp-content\/uploads\/historie_1.png\",\"datePublished\":\"2015-05-28T19:10:13+00:00\",\"dateModified\":\"2024-03-04T09:05:55+00:00\",\"description\":\"R\u00fcckblick auf die bewegende Breakdance Karriere der Skyliners Showtanz-Gruppe. \u00dcberblick \u00fcber die Breakdance-Meisterschaften und Filmprojekte der Skyliners.\",\"breadcrumb\":{\"@id\":\"https:\/\/skyliners-shows.de\/historie\/#breadcrumb\"},\"inLanguage\":\"en\",\"potentialAction\":[{\"@type\":\"ReadAction\",\"target\":[\"https:\/\/skyliners-shows.de\/historie\/\"]}]},{\"@type\":\"ImageObject\",\"inLanguage\":\"en\",\"@id\":\"https:\/\/skyliners-shows.de\/historie\/#primaryimage\",\"url\":\"http:\/\/skyliners-shows.de\/wp-content\/uploads\/historie_1.png\",\"contentUrl\":\"http:\/\/skyliners-shows.de\/wp-content\/uploads\/historie_1.png\"},{\"@type\":\"BreadcrumbList\",\"@id\":\"https:\/\/skyliners-shows.de\/historie\/#breadcrumb\",\"itemListElement\":[{\"@type\":\"ListItem\",\"position\":1,\"name\":\"Home\",\"item\":\"https:\/\/skyliners-shows.de\/\"},{\"@type\":\"ListItem\",\"position\":2,\"name\":\"Historie\"}]},{\"@type\":\"WebSite\",\"@id\":\"https:\/\/skyliners-shows.de\/#website\",\"url\":\"https:\/\/skyliners-shows.de\/\",\"name\":\"\",\"description\":\"\",\"potentialAction\":[{\"@type\":\"SearchAction\",\"target\":{\"@type\":\"EntryPoint\",\"urlTemplate\":\"https:\/\/skyliners-shows.de\/?s={search_term_string}\"},\"query-input\":{\"@type\":\"PropertyValueSpecification\",\"valueRequired\":true,\"valueName\":\"search_term_string\"}}],\"inLanguage\":\"en\"}]}<\/script>\n<!-- \/ Yoast SEO plugin. -->","yoast_head_json":{"title":"Breakdance history of Skyliners","description":"Looking back on the moving breakdance career of the Skyliners show dance group . Overview of the Breakdance Championships and film projects the Skyliners .","robots":{"index":"index","follow":"follow","max-snippet":"max-snippet:-1","max-image-preview":"max-image-preview:large","max-video-preview":"max-video-preview:-1"},"canonical":"https:\/\/skyliners-shows.de\/historie\/","og_locale":"en_US","og_type":"article","og_title":"Breakdance history of Skyliners","og_description":"Looking back on the moving breakdance career of the Skyliners show dance group . Overview of the Breakdance Championships and film projects the Skyliners .","og_url":"https:\/\/skyliners-shows.de\/historie\/","article_modified_time":"2024-03-04T09:05:55+00:00","og_image":[{"url":"http:\/\/skyliners-shows.de\/wp-content\/uploads\/historie_1.png","type":"","width":"","height":""}],"twitter_card":"summary_large_image","twitter_misc":{"Est. reading time":"3 minutes"},"schema":{"@context":"https:\/\/schema.org","@graph":[{"@type":"WebPage","@id":"https:\/\/skyliners-shows.de\/historie\/","url":"https:\/\/skyliners-shows.de\/historie\/","name":"Breakdance Geschichte der Skyliners","isPartOf":{"@id":"https:\/\/skyliners-shows.de\/#website"},"primaryImageOfPage":{"@id":"https:\/\/skyliners-shows.de\/historie\/#primaryimage"},"image":{"@id":"https:\/\/skyliners-shows.de\/historie\/#primaryimage"},"thumbnailUrl":"http:\/\/skyliners-shows.de\/wp-content\/uploads\/historie_1.png","datePublished":"2015-05-28T19:10:13+00:00","dateModified":"2024-03-04T09:05:55+00:00","description":"R\u00fcckblick auf die bewegende Breakdance Karriere der Skyliners Showtanz-Gruppe. \u00dcberblick \u00fcber die Breakdance-Meisterschaften und Filmprojekte der Skyliners.","breadcrumb":{"@id":"https:\/\/skyliners-shows.de\/historie\/#breadcrumb"},"inLanguage":"en","potentialAction":[{"@type":"ReadAction","target":["https:\/\/skyliners-shows.de\/historie\/"]}]},{"@type":"ImageObject","inLanguage":"en","@id":"https:\/\/skyliners-shows.de\/historie\/#primaryimage","url":"http:\/\/skyliners-shows.de\/wp-content\/uploads\/historie_1.png","contentUrl":"http:\/\/skyliners-shows.de\/wp-content\/uploads\/historie_1.png"},{"@type":"BreadcrumbList","@id":"https:\/\/skyliners-shows.de\/historie\/#breadcrumb","itemListElement":[{"@type":"ListItem","position":1,"name":"Home","item":"https:\/\/skyliners-shows.de\/"},{"@type":"ListItem","position":2,"name":"Historie"}]},{"@type":"WebSite","@id":"https:\/\/skyliners-shows.de\/#website","url":"https:\/\/skyliners-shows.de\/","name":"","description":"","potentialAction":[{"@type":"SearchAction","target":{"@type":"EntryPoint","urlTemplate":"https:\/\/skyliners-shows.de\/?s={search_term_string}"},"query-input":{"@type":"PropertyValueSpecification","valueRequired":true,"valueName":"search_term_string"}}],"inLanguage":"en"}]}},"_links":{"self":[{"href":"https:\/\/skyliners-shows.de\/en\/wp-json\/wp\/v2\/pages\/13","targetHints":{"allow":["GET"]}}],"collection":[{"href":"https:\/\/skyliners-shows.de\/en\/wp-json\/wp\/v2\/pages"}],"about":[{"href":"https:\/\/skyliners-shows.de\/en\/wp-json\/wp\/v2\/types\/page"}],"author":[{"embeddable":true,"href":"https:\/\/skyliners-shows.de\/en\/wp-json\/wp\/v2\/users\/1"}],"replies":[{"embeddable":true,"href":"https:\/\/skyliners-shows.de\/en\/wp-json\/wp\/v2\/comments?post=13"}],"version-history":[{"count":94,"href":"https:\/\/skyliners-shows.de\/en\/wp-json\/wp\/v2\/pages\/13\/revisions"}],"predecessor-version":[{"id":2230,"href":"https:\/\/skyliners-shows.de\/en\/wp-json\/wp\/v2\/pages\/13\/revisions\/2230"}],"wp:attachment":[{"href":"https:\/\/skyliners-shows.de\/en\/wp-json\/wp\/v2\/media?parent=13"}],"curies":[{"name":"wp","href":"https:\/\/api.w.org\/{rel}","templated":true}]}}